{"id":75,"date":"2024-09-24T10:45:19","date_gmt":"2024-09-24T08:45:19","guid":{"rendered":"https:\/\/in-logistics.de\/?page_id=75"},"modified":"2026-03-09T08:09:05","modified_gmt":"2026-03-09T07:09:05","slug":"luftfracht","status":"publish","type":"page","link":"https:\/\/in-logistics.de\/en\/luftfracht\/","title":{"rendered":"Fracht per Flugzeug"},"content":{"rendered":"<p><\/p>\n\n\n\n<h2 class=\"wp-block-heading\">Luftfracht<\/h2>\n\n\n\n<p>Wenn Ihre Waren so schnell wie m\u00f6glich zugestellt werden m\u00fcssen, ist Luftfracht der richtige Weg f\u00fcr Sie. Unsere 360-Grad-Dienste sorgen daf\u00fcr, dass alle Ihre Versandbed\u00fcrfnisse ber\u00fccksichtigt werden: Gr\u00f6\u00dfe der Sendung, Lieferzeit, Entfernung des Bestimmungsortes und komplexe Abfertigungen sind kein Hindernis.<\/p>\n\n\n\n<p>Wir bringen Ihr Unternehmen rund um die Welt und zu neuen H\u00f6hen. Unser robustes Luftfrachtnetz und unser Expertenteam sorgen daf\u00fcr, dass Ihre Waren p\u00fcnktlich und in einwandfreiem Zustand dort ankommen, wo sie gebraucht werden.<\/p>\n\n\n\n<h2 class=\"wp-block-heading\">Unser Service auf den Punkt<\/h2>\n\n\n\n<p><\/p>\n\n\n\n<ul class=\"wp-block-list\">\n<li><strong>Full-Service Logistik:<\/strong> Import\/Export-Handling auf h\u00f6chstem Niveau.<\/li>\n\n\n\n<li><strong>Weltweite Reichweite<\/strong>: \u00dcber 20.000 Partnerb\u00fcros in 90 L\u00e4ndern als akkreditierter IATA-Partner.<\/li>\n\n\n\n<li><strong>Internationale Drehkreuze:<\/strong> Nahtlose Anbindung Ihrer Fracht an alle globalen M\u00e4rkte.<\/li>\n\n\n\n<li><strong>Sorgenfreier Versand<\/strong>:  Ein Ansprechpartner, volle Kontrolle, l\u00fcckenloses Tracking.<\/li>\n\n\n\n<li><strong>Sicherheit garantiert:<\/strong> IATA Cargo Agent, RegB &amp; DGR-gefahrgutzertifiziert.<\/li>\n\n\n\n<li><strong>Time-Critical Logistics: <\/strong>Wir liefern, wenn jede Sekunde z\u00e4hlt.<\/li>\n\n\n\n<li><strong>Always On:<\/strong> Rund um die Uhr (24\/7) f\u00fcr Sie im Einsatz.<\/li>\n<\/ul>\n\n\n\n<div class=\"wp-block-columns is-layout-flex wp-container-core-columns-is-layout-28f84493 wp-block-columns-is-layout-flex\">\n<div class=\"wp-block-column is-layout-flow wp-block-column-is-layout-flow\">\n<h2 class=\"wp-block-heading\"><strong><strong>Ihre Vorteile auf einen Blick<\/strong><\/strong><\/h2>\n<\/div>\n\n\n\n<div class=\"wp-block-column is-layout-flow wp-block-column-is-layout-flow\"><\/div>\n<\/div>\n\n\n\n<div class=\"wp-block-columns is-layout-flex wp-container-core-columns-is-layout-28f84493 wp-block-columns-is-layout-flex\">\n<div class=\"wp-block-column is-layout-flow wp-block-column-is-layout-flow\">\n<div class=\"wp-block-group gutenify-section-44fe4280-0451-11ee-8f66-976efd0e821b is-layout-flow wp-block-group-is-layout-flow\" style=\"padding-bottom:15px\">\n<figure class=\"wp-block-image alignleft size-full\"><img decoding=\"async\" width=\"94\" height=\"94\" src=\"https:\/\/in-logistics.de\/wp-content\/uploads\/2024\/09\/icons8-ansicht-94.png\" alt=\"\" class=\"wp-image-64\"\/><\/figure>\n<\/div>\n<\/div>\n\n\n\n<div class=\"wp-block-column is-layout-flow wp-block-column-is-layout-flow\">\n<figure class=\"wp-block-image alignleft size-full is-resized\"><img decoding=\"async\" width=\"94\" height=\"94\" src=\"https:\/\/in-logistics.de\/wp-content\/uploads\/2024\/09\/icons8-flugzeug-von-vorn-94.png\" alt=\"\" class=\"wp-image-76\" style=\"width:92px;height:auto\"\/><\/figure>\n<\/div>\n\n\n\n<div class=\"wp-block-column is-layout-flow wp-block-column-is-layout-flow\">\n<figure class=\"wp-block-image alignleft size-full is-resized\"><img decoding=\"async\" width=\"94\" height=\"94\" src=\"https:\/\/in-logistics.de\/wp-content\/uploads\/2024\/09\/icons8-online-hilfe-94.png\" alt=\"\" class=\"wp-image-62\" style=\"width:79px;height:auto\"\/><\/figure>\n<\/div>\n<\/div>\n\n\n\n<div class=\"wp-block-columns is-layout-flex wp-container-core-columns-is-layout-28f84493 wp-block-columns-is-layout-flex\">\n<div class=\"wp-block-column is-layout-flow wp-block-column-is-layout-flow\">\n<h2 class=\"wp-block-heading has-text-align-left\">Dokumentation<\/h2>\n\n\n\n<p><strong>Dokumentation und Zollabwicklung<\/strong><\/p>\n<\/div>\n\n\n\n<div class=\"wp-block-column is-layout-flow wp-block-column-is-layout-flow\">\n<h2 class=\"wp-block-heading has-text-align-left\">Buchung <\/h2>\n\n\n\n<p><strong>Das passende Flugzeug finden<\/strong><\/p>\n<\/div>\n\n\n\n<div class=\"wp-block-column is-layout-flow wp-block-column-is-layout-flow\">\n<h2 class=\"wp-block-heading has-text-align-left\">Begleitung<\/h2>\n\n\n\n<p><strong>Ihr Partner bis ans Ziel<\/strong> <\/p>\n<\/div>\n<\/div>\n\n\n\n<div class=\"wp-block-columns is-layout-flex wp-container-core-columns-is-layout-28f84493 wp-block-columns-is-layout-flex\">\n<div class=\"wp-block-column is-layout-flow wp-block-column-is-layout-flow\">\n<p>Wir pr\u00fcfen Ihre Versanddokumente auf Richtigkeit und \u00fcbernehmen die komplette Zolltechnische Abfertigung sowie die Erstellung aller notwendigen Frachtpapiere f\u00fcr den Versand.<\/p>\n<\/div>\n\n\n\n<div class=\"wp-block-column is-layout-flow wp-block-column-is-layout-flow\">\n<p>Auf Basis Ihrer Sendungsdaten ermitteln wir die effizienteste Route und w\u00e4hlen die ideale Airline aus, um Ihre Fracht schnellstm\u00f6glich an ihren Bestimmungsort zu bringen.<\/p>\n<\/div>\n\n\n\n<div class=\"wp-block-column is-layout-flow wp-block-column-is-layout-flow\">\n<p class=\"has-text-align-left\">Wir begleiten jeden Schritt des Transportprozesses mit h\u00f6chstem Einsatz, damit Ihre Sendung garantiert p\u00fcnktlich beim Empf\u00e4nger ankommt.<\/p>\n<\/div>\n<\/div>\n\n\n\n<h2 class=\"wp-block-heading\">Wo Geschwindigkeit auf Einsparungen trifft<\/h2>\n\n\n\n<p>\u00dcber 3.000 weltweite Ziele, erstklassige Tarife und 24\/7-Support f\u00fcr \u00fcber 30 zufriedene Kunden. Wir kombinieren maximale Versandgeschwindigkeit mit optimierten Kosten \u2013 f\u00fcr Logistik, die Ihre Erwartungen \u00fcbertrifft.<\/p>\n\n\n\n<div class=\"wp-block-buttons is-layout-flex wp-block-buttons-is-layout-flex\">\n<div class=\"wp-block-button\"><a class=\"wp-block-button__link has-custom-orange-background-color has-background wp-element-button\" href=\"https:\/\/in-logistics.de\/en\/kontakt\/\">Angebot einholen<\/a><\/div>\n<\/div>\n\n\n\n<hr class=\"wp-block-separator has-alpha-channel-opacity\"\/>\n\n\n\n<h2 class=\"wp-block-heading\">Kontakt<\/h2>\n\n\n<style id=\"wpforms-css-vars-root\">\n\t\t\t\t:root {\n\t\t\t\t\t--wpforms-field-border-radius: 3px;\n--wpforms-field-border-style: solid;\n--wpforms-field-border-size: 1px;\n--wpforms-field-background-color: #ffffff;\n--wpforms-field-border-color: rgba( 0, 0, 0, 0.25 );\n--wpforms-field-border-color-spare: rgba( 0, 0, 0, 0.25 );\n--wpforms-field-text-color: rgba( 0, 0, 0, 0.7 );\n--wpforms-field-menu-color: #ffffff;\n--wpforms-label-color: rgba( 0, 0, 0, 0.85 );\n--wpforms-label-sublabel-color: rgba( 0, 0, 0, 0.55 );\n--wpforms-label-error-color: #d63637;\n--wpforms-button-border-radius: 3px;\n--wpforms-button-border-style: none;\n--wpforms-button-border-size: 1px;\n--wpforms-button-background-color: #066aab;\n--wpforms-button-border-color: #066aab;\n--wpforms-button-text-color: #ffffff;\n--wpforms-page-break-color: #066aab;\n--wpforms-background-image: none;\n--wpforms-background-position: center center;\n--wpforms-background-repeat: no-repeat;\n--wpforms-background-size: cover;\n--wpforms-background-width: 100px;\n--wpforms-background-height: 100px;\n--wpforms-background-color: rgba( 0, 0, 0, 0 );\n--wpforms-background-url: none;\n--wpforms-container-padding: 0px;\n--wpforms-container-border-style: none;\n--wpforms-container-border-width: 1px;\n--wpforms-container-border-color: #000000;\n--wpforms-container-border-radius: 3px;\n--wpforms-field-size-input-height: 43px;\n--wpforms-field-size-input-spacing: 15px;\n--wpforms-field-size-font-size: 16px;\n--wpforms-field-size-line-height: 19px;\n--wpforms-field-size-padding-h: 14px;\n--wpforms-field-size-checkbox-size: 16px;\n--wpforms-field-size-sublabel-spacing: 5px;\n--wpforms-field-size-icon-size: 1;\n--wpforms-label-size-font-size: 16px;\n--wpforms-label-size-line-height: 19px;\n--wpforms-label-size-sublabel-font-size: 14px;\n--wpforms-label-size-sublabel-line-height: 17px;\n--wpforms-button-size-font-size: 17px;\n--wpforms-button-size-height: 41px;\n--wpforms-button-size-padding-h: 15px;\n--wpforms-button-size-margin-top: 10px;\n--wpforms-container-shadow-size-box-shadow: none;\n\n\t\t\t\t}\n\t\t\t<\/style><div class=\"wpforms-container wpforms-container-full wpforms-block wpforms-block-73a09561-2367-488f-b401-8cfdaf9f681e wpforms-render-modern\" id=\"wpforms-85\"><form id=\"wpforms-form-85\" class=\"wpforms-validate wpforms-form wpforms-ajax-form\" data-formid=\"85\" method=\"post\" enctype=\"multipart\/form-data\" action=\"\/en\/wp-json\/wp\/v2\/pages\/75\" data-token=\"ebef220854a9025ea7418740709da115\" data-token-time=\"1777506806\" data-trp-original-action=\"\/en\/wp-json\/wp\/v2\/pages\/75\"><noscript class=\"wpforms-error-noscript\">Please enable JavaScript in your browser to complete this form.<\/noscript><div class=\"wpforms-hidden\" id=\"wpforms-error-noscript\">Please enable JavaScript in your browser to complete this form.<\/div><div class=\"wpforms-field-container\"><div id=\"wpforms-85-field_1-container\" class=\"wpforms-field wpforms-field-text\" data-field-id=\"1\"><label class=\"wpforms-field-label\" for=\"wpforms-85-field_1\">Firmenname <span class=\"wpforms-required-label\" aria-hidden=\"true\">*<\/span><\/label><input type=\"text\" id=\"wpforms-85-field_1\" class=\"wpforms-field-medium wpforms-field-required\" name=\"wpforms[fields][1]\" aria-errormessage=\"wpforms-85-field_1-error\" required><\/div><div id=\"wpforms-85-field_2-container\" class=\"wpforms-field wpforms-field-email\" data-field-id=\"2\"><label class=\"wpforms-field-label\" for=\"wpforms-85-field_2\">E-Mail-Adresse <span class=\"wpforms-required-label\" aria-hidden=\"true\">*<\/span><\/label><input type=\"email\" id=\"wpforms-85-field_2\" class=\"wpforms-field-medium wpforms-field-required\" name=\"wpforms[fields][2]\" spellcheck=\"false\" aria-errormessage=\"wpforms-85-field_2-error\" required><\/div><div id=\"wpforms-85-field_3-container\" class=\"wpforms-field wpforms-field-select wpforms-field-select-style-classic\" data-field-id=\"3\"><label class=\"wpforms-field-label\" for=\"wpforms-85-field_3\">Frachtart<\/label><select id=\"wpforms-85-field_3\" class=\"wpforms-field-small\" name=\"wpforms[fields][3]\"><option value=\"Luftfracht\" >Luftfracht<\/option><option value=\"Seefracht\" >Seefracht<\/option><\/select><\/div><div id=\"wpforms-85-field_5-container\" class=\"wpforms-field wpforms-field-number\" data-field-id=\"5\"><label class=\"wpforms-field-label\" for=\"wpforms-85-field_5\">Menge<\/label><input type=\"number\" id=\"wpforms-85-field_5\" class=\"wpforms-field-small\" name=\"wpforms[fields][5]\" aria-errormessage=\"wpforms-85-field_5-error\" ><\/div><div id=\"wpforms-85-field_7-container\" class=\"wpforms-field wpforms-field-text\" data-field-id=\"7\"><label class=\"wpforms-field-label\" for=\"wpforms-85-field_7\">Route <span class=\"wpforms-required-label\" aria-hidden=\"true\">*<\/span><\/label><input type=\"text\" id=\"wpforms-85-field_7\" class=\"wpforms-field-medium wpforms-field-required\" name=\"wpforms[fields][7]\" aria-errormessage=\"wpforms-85-field_7-error\" aria-describedby=\"wpforms-85-field_7-description\" required><div id=\"wpforms-85-field_7-description\" class=\"wpforms-field-description\">Deutschland &#8211; UK<\/div><\/div><div id=\"wpforms-85-field_6-container\" class=\"wpforms-field wpforms-field-textarea\" data-field-id=\"6\"><label class=\"wpforms-field-label\" for=\"wpforms-85-field_6\">Weitere Angaben<\/label><textarea id=\"wpforms-85-field_6\" class=\"wpforms-field-medium\" name=\"wpforms[fields][6]\" aria-errormessage=\"wpforms-85-field_6-error\" aria-describedby=\"wpforms-85-field_6-description\" ><\/textarea><div id=\"wpforms-85-field_6-description\" class=\"wpforms-field-description\">Beschreiben Sie Ihre Ware, das Lieferdatum, etc.<\/div><\/div><\/div><!-- .wpforms-field-container --><div class=\"wpforms-submit-container\" ><input type=\"hidden\" name=\"wpforms[id]\" value=\"85\"><input type=\"hidden\" name=\"page_title\" value=\"\"><input type=\"hidden\" name=\"page_url\" value=\"https:\/\/in-logistics.de\/en\/wp-json\/wp\/v2\/pages\/75\"><button type=\"submit\" name=\"wpforms[submit]\" id=\"wpforms-submit-85\" class=\"wpforms-submit\" data-alt-text=\"Wird gesendet\u00a0\u2026\" data-submit-text=\"Absenden\" aria-live=\"assertive\" value=\"wpforms-submit\">Absenden<\/button><img loading=\"lazy\" decoding=\"async\" src=\"https:\/\/in-logistics.de\/wp-content\/plugins\/wpforms-lite\/assets\/images\/submit-spin.svg\" class=\"wpforms-submit-spinner\" style=\"display: none;\" width=\"26\" height=\"26\" alt=\"Loading\"><\/div><input type=\"hidden\" name=\"trp-form-language\" value=\"en\"\/><\/form><\/div>  <!-- .wpforms-container -->\n\n\n<p><\/p>","protected":false},"excerpt":{"rendered":"<p>Luftfracht Wenn Ihre Waren so schnell wie m\u00f6glich zugestellt werden m\u00fcssen, ist Luftfracht der richtige [&hellip;]<\/p>","protected":false},"author":1,"featured_media":0,"parent":0,"menu_order":0,"comment_status":"closed","ping_status":"closed","template":"","meta":{"footnotes":""},"class_list":["post-75","page","type-page","status-publish","hentry"],"_links":{"self":[{"href":"https:\/\/in-logistics.de\/en\/wp-json\/wp\/v2\/pages\/75","targetHints":{"allow":["GET"]}}],"collection":[{"href":"https:\/\/in-logistics.de\/en\/wp-json\/wp\/v2\/pages"}],"about":[{"href":"https:\/\/in-logistics.de\/en\/wp-json\/wp\/v2\/types\/page"}],"author":[{"embeddable":true,"href":"https:\/\/in-logistics.de\/en\/wp-json\/wp\/v2\/users\/1"}],"replies":[{"embeddable":true,"href":"https:\/\/in-logistics.de\/en\/wp-json\/wp\/v2\/comments?post=75"}],"version-history":[{"count":10,"href":"https:\/\/in-logistics.de\/en\/wp-json\/wp\/v2\/pages\/75\/revisions"}],"predecessor-version":[{"id":265,"href":"https:\/\/in-logistics.de\/en\/wp-json\/wp\/v2\/pages\/75\/revisions\/265"}],"wp:attachment":[{"href":"https:\/\/in-logistics.de\/en\/wp-json\/wp\/v2\/media?parent=75"}],"curies":[{"name":"wp","href":"https:\/\/api.w.org\/{rel}","templated":true}]}}