{"id":33,"date":"2024-09-14T16:53:21","date_gmt":"2024-09-14T14:53:21","guid":{"rendered":"https:\/\/in-logistics.de\/?page_id=33"},"modified":"2025-01-03T11:49:11","modified_gmt":"2025-01-03T10:49:11","slug":"ueber-uns","status":"publish","type":"page","link":"https:\/\/in-logistics.de\/en\/ueber-uns\/","title":{"rendered":"\u00dcber uns"},"content":{"rendered":"<p><strong>IN Logistics GmbH<\/strong> steht f\u00fcr Zuverl\u00e4ssigkeit und Ehrgeiz mit 10 Jahren Erfahrung in der Logistikbranche. Von unserem Standort in <strong>R\u00fcsselsheim<\/strong> am Main, zentral in Deutschland gelegen, bieten wir ma\u00dfgeschneiderte Dienstleistungen f\u00fcr nationale und internationale Transporte an.<\/p>\n\n\n\n<p>Unsere Erfahrung in der Logistikbranche erm\u00f6glicht es uns, flexibel auf die Bed\u00fcrfnisse unserer Kunden einzugehen. Ob es um Lagerung, Frachtmanagement oder spezialisierte Transportl\u00f6sungen geht \u2013 wir finden stets die optimale L\u00f6sung f\u00fcr jede Herausforderung.<\/p>\n\n\n\n<p><strong>IN Logistics GmbH<\/strong> wird von <strong>Noak Foustka<\/strong> und <strong>Isa Bulut<\/strong> geleitet, die beide \u00fcber umfangreiche Erfahrung in der Branche verf\u00fcgen und das Unternehmen mit einem klaren Fokus auf Effizienz, Kundenzufriedenheit und Innovation voranbringen.<\/p>\n\n\n\n<p>Unsere Philosophie basiert auf einem einfachen Grundsatz: <strong>Verl\u00e4sslichkeit und Qualit\u00e4t in jeder Lieferung<\/strong>. Mit modernster Technologie, einem engagierten Team und einem dichten Netzwerk an Partnern garantieren wir effiziente Logistikl\u00f6sungen, die unsere Kunden in ihrer t\u00e4glichen Arbeit unterst\u00fctzen.<\/p>\n\n\n\n<p><\/p>","protected":false},"excerpt":{"rendered":"<p>IN Logistics GmbH steht f\u00fcr Zuverl\u00e4ssigkeit und Ehrgeiz mit 10 Jahren Erfahrung in der Logistikbranche. [&hellip;]<\/p>","protected":false},"author":1,"featured_media":0,"parent":0,"menu_order":0,"comment_status":"closed","ping_status":"closed","template":"","meta":{"footnotes":""},"class_list":["post-33","page","type-page","status-publish","hentry"],"_links":{"self":[{"href":"https:\/\/in-logistics.de\/en\/wp-json\/wp\/v2\/pages\/33","targetHints":{"allow":["GET"]}}],"collection":[{"href":"https:\/\/in-logistics.de\/en\/wp-json\/wp\/v2\/pages"}],"about":[{"href":"https:\/\/in-logistics.de\/en\/wp-json\/wp\/v2\/types\/page"}],"author":[{"embeddable":true,"href":"https:\/\/in-logistics.de\/en\/wp-json\/wp\/v2\/users\/1"}],"replies":[{"embeddable":true,"href":"https:\/\/in-logistics.de\/en\/wp-json\/wp\/v2\/comments?post=33"}],"version-history":[{"count":5,"href":"https:\/\/in-logistics.de\/en\/wp-json\/wp\/v2\/pages\/33\/revisions"}],"predecessor-version":[{"id":154,"href":"https:\/\/in-logistics.de\/en\/wp-json\/wp\/v2\/pages\/33\/revisions\/154"}],"wp:attachment":[{"href":"https:\/\/in-logistics.de\/en\/wp-json\/wp\/v2\/media?parent=33"}],"curies":[{"name":"wp","href":"https:\/\/api.w.org\/{rel}","templated":true}]}}