{"id":29,"date":"2024-09-14T16:52:47","date_gmt":"2024-09-14T14:52:47","guid":{"rendered":"https:\/\/in-logistics.de\/?page_id=29"},"modified":"2024-12-14T03:54:05","modified_gmt":"2024-12-14T02:54:05","slug":"impressum","status":"publish","type":"page","link":"https:\/\/in-logistics.de\/en\/impressum\/","title":{"rendered":"Impressum"},"content":{"rendered":"<div class=\"wp-block-columns is-layout-flex wp-container-core-columns-is-layout-28f84493 wp-block-columns-is-layout-flex\">\n<div class=\"wp-block-column is-layout-flow wp-block-column-is-layout-flow\">\n<figure class=\"wp-block-image size-full is-resized\"><img fetchpriority=\"high\" decoding=\"async\" width=\"500\" height=\"500\" src=\"https:\/\/in-logistics.de\/wp-content\/uploads\/2024\/09\/Green-White-Minimalist-Fashion-Muslim-Logo-3.png\" alt=\"\" class=\"wp-image-9\" style=\"width:156px;height:auto\" srcset=\"https:\/\/in-logistics.de\/wp-content\/uploads\/2024\/09\/Green-White-Minimalist-Fashion-Muslim-Logo-3.png 500w, https:\/\/in-logistics.de\/wp-content\/uploads\/2024\/09\/Green-White-Minimalist-Fashion-Muslim-Logo-3-300x300.png 300w, https:\/\/in-logistics.de\/wp-content\/uploads\/2024\/09\/Green-White-Minimalist-Fashion-Muslim-Logo-3-150x150.png 150w\" sizes=\"(max-width: 500px) 100vw, 500px\" \/><\/figure>\n\n\n\n<p>IN-Logistics GmbH<br>Eisenstra\u00dfe 48a<br>65428 R\u00fcsselsheim<\/p>\n\n\n\n<p>Handelsregister: 105787<br>Registergericht: Amtsgericht Darmstadt<\/p>\n\n\n\n<p>Vertreten durch:<br>Noak Aram Foustka und Isa Bulut<\/p>\n\n\n\n<p>F\u00fcr den Inhalt verantwortlich: Noak Aram Foustka und Isa Bulut<\/p>\n\n\n\n<h4 class=\"wp-block-heading\">Kontakt<\/h4>\n\n\n\n<p>Telefon: +49 173 7506 750<br>E-Mail: air@in-logistics.de<\/p>\n\n\n\n<h4 class=\"wp-block-heading\">Umsatzsteuer-ID<\/h4>\n\n\n\n<p>Umsatzsteuer-Identifikationsnummer gem\u00e4\u00df \u00a7 27 a Umsatzsteuergesetz:<br>DE 365 442 381<\/p>\n\n\n\n<p>Registergericht: Amtsgericht Darmstadt<\/p>\n\n\n\n<p><strong>Technische Wartung und Pflege<\/strong><\/p>\n\n\n\n<figure class=\"wp-block-image\"><img decoding=\"async\" src=\"https:\/\/bn-logistics.de\/wp-content\/uploads\/2024\/03\/Design-ohne-Titel-1-300x75.png\" alt=\"\" class=\"wp-image-647\"\/><\/figure>\n\n\n\n<p>Tel: (+49) 6142 481003<\/p>\n<\/div>\n\n\n\n<div class=\"wp-block-column is-layout-flow wp-block-column-is-layout-flow\">\n<h2 class=\"wp-block-heading\">Rechtliche Hinweise<\/h2>\n\n\n\n<h4 class=\"wp-block-heading\">Berufsbezeichnung und berufsrechtliche Regelungen<\/h4>\n\n\n\n<p>Berufsbezeichnung:<br>Spediteur Vermittler<\/p>\n\n\n\n<p>Verliehen in:<br>Deutschland<\/p>\n\n\n\n<p>Es gelten folgende berufsrechtliche Regelungen:<\/p>\n\n\n\n<p><strong>Allgemeine Deutsche Spediteur-Bedingungen 2017 (ADSp 2017):<\/strong><br>Wir arbeiten ausschlie\u00dflich auf Grundlage der neuesten Fassung der Allgemeinen Deutschen Spediteur-Bedingungen (ADSp), jeweils neuste Fassung.<\/p>\n\n\n\n<p>Allgemeinen Deutschen Spediteur-Bedingungen (ADSp)<br>einsehbar unter:&nbsp;<a href=\"https:\/\/www.dslv.org\/de\/adsp\" target=\"_blank\" rel=\"noreferrer noopener\">https:\/\/www.dslv.org\/de\/adsp<\/a><\/p>\n\n\n\n<h4 class=\"wp-block-heading\"><strong>Verweise &amp; Links:<\/strong><\/h4>\n\n\n\n<p>Bitte beachten Sie, dass auf den Internetseiten von IN-Logistics direkte oder indirekte Verweise auf fremde Internetseiten \u201cLinks\u201d zu anderen Websites im Internet vorhanden sein k\u00f6nnen. Wir m\u00f6chten betonen, dass wir keinerlei Kontrolle \u00fcber die Gestaltung und Inhalte dieser verlinkten Seiten haben. Daher distanzieren wir uns hiermit ausdr\u00fccklich von s\u00e4mtlichen Inhalten aller verkn\u00fcpften Internetseiten, die nicht auf den Servern von IN-Logistics gehostet werden. Diese Distanzierungserkl\u00e4rung gilt f\u00fcr alle angezeigten Links sowie f\u00fcr s\u00e4mtliche Inhalte der Seiten, zu denen Banner und Links f\u00fchren, die auf den Internetseiten von IN-Logistics platziert sind.<\/p>\n\n\n\n<h4 class=\"wp-block-heading\"><strong>Urheber- und Kennzeichenrecht<\/strong><\/h4>\n\n\n\n<p>Bei IN-Logistics wird darauf geachtet, die Urheberrechte aller verwendeten Grafiken, Tondokumente, Videosequenzen und Texte in allen Publikationen zu respektieren. Wir verwenden entweder selbst erstellte Inhalte oder greifen auf lizenzfreie Materialien zur\u00fcck. Alle genannten Marken- und Warenzeichen innerhalb des Internetangebots unterliegen den jeweiligen Bestimmungen des Kennzeichenrechts und den Rechten der eingetragenen Eigent\u00fcmer. Die blo\u00dfe Nennung von Markenzeichen bedeutet nicht, dass diese nicht durch Rechte Dritter gesch\u00fctzt sind. Das Copyright f\u00fcr ver\u00f6ffentlichte, vom Autor selbst erstellte Objekte bleibt allein beim Autor der Seiten. Eine Vervielf\u00e4ltigung oder Verwendung solcher Grafiken, Tondokumente, Videosequenzen und Texte in anderen elektronischen oder gedruckten Publikationen ist ohne ausdr\u00fcckliche Zustimmung des Autors untersagt.<\/p>\n\n\n\n<h4 class=\"wp-block-heading\">EU-Streitschlichtung<\/h4>\n\n\n\n<p>Die Europ\u00e4ische Kommission stellt eine Plattform zur Online-Streitbeilegung (OS) bereit:&nbsp;<a href=\"https:\/\/ec.europa.eu\/consumers\/odr\/\" target=\"_blank\" rel=\"noreferrer noopener\">https:\/\/ec.europa.eu\/consumers\/odr\/<\/a>.<br>Unsere E-Mail-Adresse finden Sie oben im Impressum.<\/p>\n\n\n\n<h4 class=\"wp-block-heading\">Verbraucher\u00adstreit\u00adbeilegung\/Universal\u00adschlichtungs\u00adstelle<\/h4>\n\n\n\n<p>Wir sind nicht bereit oder verpflichtet, an Streitbeilegungsverfahren vor einer Verbraucherschlichtungsstelle teilzunehmen.<\/p>\n<\/div>\n<\/div>","protected":false},"excerpt":{"rendered":"<p>IN-Logistics GmbHEisenstra\u00dfe 48a65428 R\u00fcsselsheim Handelsregister: 105787Registergericht: Amtsgericht Darmstadt Vertreten durch:Noak Aram Foustka und Isa Bulut [&hellip;]<\/p>","protected":false},"author":1,"featured_media":0,"parent":0,"menu_order":0,"comment_status":"closed","ping_status":"closed","template":"","meta":{"footnotes":""},"class_list":["post-29","page","type-page","status-publish","hentry"],"_links":{"self":[{"href":"https:\/\/in-logistics.de\/en\/wp-json\/wp\/v2\/pages\/29","targetHints":{"allow":["GET"]}}],"collection":[{"href":"https:\/\/in-logistics.de\/en\/wp-json\/wp\/v2\/pages"}],"about":[{"href":"https:\/\/in-logistics.de\/en\/wp-json\/wp\/v2\/types\/page"}],"author":[{"embeddable":true,"href":"https:\/\/in-logistics.de\/en\/wp-json\/wp\/v2\/users\/1"}],"replies":[{"embeddable":true,"href":"https:\/\/in-logistics.de\/en\/wp-json\/wp\/v2\/comments?post=29"}],"version-history":[{"count":3,"href":"https:\/\/in-logistics.de\/en\/wp-json\/wp\/v2\/pages\/29\/revisions"}],"predecessor-version":[{"id":113,"href":"https:\/\/in-logistics.de\/en\/wp-json\/wp\/v2\/pages\/29\/revisions\/113"}],"wp:attachment":[{"href":"https:\/\/in-logistics.de\/en\/wp-json\/wp\/v2\/media?parent=29"}],"curies":[{"name":"wp","href":"https:\/\/api.w.org\/{rel}","templated":true}]}}